{"id":280,"date":"2015-01-18T14:24:34","date_gmt":"2015-01-18T14:24:34","guid":{"rendered":"http:\/\/www.adeg-pleschberger.at\/2015\/?page_id=280"},"modified":"2022-08-29T20:32:47","modified_gmt":"2022-08-29T20:32:47","slug":"aktuelle-angebote","status":"publish","type":"page","link":"http:\/\/www.adeg-pleschberger.at\/2015\/aktuelle-angebote\/","title":{"rendered":"Angebote"},"content":{"rendered":"<p><a href=\"https:\/\/www.adeg.at\/flugblatt-aktionen\/adeg-flugblatt\"><img loading=\"lazy\" decoding=\"async\" class=\"alignleft wp-image-1130 size-full\" src=\"http:\/\/www.adeg-pleschberger.at\/2015\/wp-content\/uploads\/2015\/08\/HEADER-Angebote-2.png\" alt=\"header-angebote-2\" width=\"1600\" height=\"750\" srcset=\"http:\/\/www.adeg-pleschberger.at\/2015\/wp-content\/uploads\/2015\/08\/HEADER-Angebote-2.png 1600w, http:\/\/www.adeg-pleschberger.at\/2015\/wp-content\/uploads\/2015\/08\/HEADER-Angebote-2-300x141.png 300w, http:\/\/www.adeg-pleschberger.at\/2015\/wp-content\/uploads\/2015\/08\/HEADER-Angebote-2-1024x480.png 1024w\" sizes=\"auto, (max-width: 1600px) 100vw, 1600px\" \/><\/a><\/p>\n<p><strong>L\u00e4nger sparen mit ADEG<br \/>\n<\/strong><\/p>\n<p style=\"text-align: justify;\">So nah kauf man heute: Frisch, regional und das auch noch zu g\u00fcnstigen Preisen! Wir als ADEG-Kaufleute sorgen f\u00fcr einen guten Mix aus Regionalem und Ihrer Lieblingsmarken, sodass Sie in unserem gro\u00dfen Angebot immer etwas Passendes finden.<\/p>\n<p style=\"text-align: justify;\">Entdecken Sie hier die aktuellen <a href=\"https:\/\/www.adeg.at\/flugblatt-aktionen\/adeg-flugblatt\" target=\"_blank\" rel=\"noopener noreferrer\">ADEG Angebote<\/a>!<\/p>\n<p><iframe loading=\"lazy\" width=\"560\" height=\"315\" src=\"https:\/\/www.youtube.com\/embed\/aEgr26usPHs\" title=\"YouTube video player\" frameborder=\"0\" allow=\"accelerometer; autoplay; clipboard-write; encrypted-media; gyroscope; picture-in-picture\" allowfullscreen=\"\"><\/iframe><\/p>\n","protected":false},"excerpt":{"rendered":"<p>L\u00e4nger sparen mit ADEG So nah kauf man heute: Frisch, regional und das auch noch zu g\u00fcnstigen Preisen! Wir als ADEG-Kaufleute sorgen f\u00fcr einen guten Mix aus Regionalem und Ihrer Lieblingsmarken, sodass Sie in unserem gro\u00dfen Angebot immer etwas Passendes finden. Entdecken Sie hier die aktuellen ADEG Angebote!<\/p>\n","protected":false},"author":1,"featured_media":0,"parent":0,"menu_order":5,"comment_status":"open","ping_status":"closed","template":"page-fullwidth.php","meta":{"footnotes":""},"class_list":["post-280","page","type-page","status-publish","hentry"],"_links":{"self":[{"href":"http:\/\/www.adeg-pleschberger.at\/2015\/wp-json\/wp\/v2\/pages\/280","targetHints":{"allow":["GET"]}}],"collection":[{"href":"http:\/\/www.adeg-pleschberger.at\/2015\/wp-json\/wp\/v2\/pages"}],"about":[{"href":"http:\/\/www.adeg-pleschberger.at\/2015\/wp-json\/wp\/v2\/types\/page"}],"author":[{"embeddable":true,"href":"http:\/\/www.adeg-pleschberger.at\/2015\/wp-json\/wp\/v2\/users\/1"}],"replies":[{"embeddable":true,"href":"http:\/\/www.adeg-pleschberger.at\/2015\/wp-json\/wp\/v2\/comments?post=280"}],"version-history":[{"count":27,"href":"http:\/\/www.adeg-pleschberger.at\/2015\/wp-json\/wp\/v2\/pages\/280\/revisions"}],"predecessor-version":[{"id":1950,"href":"http:\/\/www.adeg-pleschberger.at\/2015\/wp-json\/wp\/v2\/pages\/280\/revisions\/1950"}],"wp:attachment":[{"href":"http:\/\/www.adeg-pleschberger.at\/2015\/wp-json\/wp\/v2\/media?parent=280"}],"curies":[{"name":"wp","href":"https:\/\/api.w.org\/{rel}","templated":true}]}}