{"id":112,"date":"2015-01-16T16:16:10","date_gmt":"2015-01-16T16:16:10","guid":{"rendered":"http:\/\/www.adeg-pleschberger.at\/2015\/?page_id=112"},"modified":"2016-11-07T21:56:23","modified_gmt":"2016-11-07T21:56:23","slug":"birnenmehl","status":"publish","type":"page","link":"https:\/\/www.adeg-pleschberger.at\/2015\/sortiment\/birnenmehl\/","title":{"rendered":"Birnenmehl"},"content":{"rendered":"<p style=\"text-align: center;\"><a href=\"http:\/\/www.adeg-pleschberger.at\/2015\/wp-content\/uploads\/2016\/11\/Birnenmehl-Header-1.png\"><img loading=\"lazy\" decoding=\"async\" class=\"alignleft size-full wp-image-1186\" src=\"http:\/\/www.adeg-pleschberger.at\/2015\/wp-content\/uploads\/2016\/11\/Birnenmehl-Header-1.png\" alt=\"birnenmehl-header-1\" width=\"1600\" height=\"750\" srcset=\"https:\/\/www.adeg-pleschberger.at\/2015\/wp-content\/uploads\/2016\/11\/Birnenmehl-Header-1.png 1600w, https:\/\/www.adeg-pleschberger.at\/2015\/wp-content\/uploads\/2016\/11\/Birnenmehl-Header-1-300x141.png 300w, https:\/\/www.adeg-pleschberger.at\/2015\/wp-content\/uploads\/2016\/11\/Birnenmehl-Header-1-1024x480.png 1024w\" sizes=\"auto, (max-width: 1600px) 100vw, 1600px\" \/><\/a><\/p>\n<p style=\"text-align: justify;\"><strong>Das Beste stammt aus unserer Region<\/strong><\/p>\n<p style=\"text-align: justify;\">Die Vielfalt der \u00f6sterreichischen Regionen und heimischen Erzeugnisse spiegelt sich auch in unserem Sortiment wider. Wir beziehen saisonale Produkte von <strong>lokalen Lieferanten<\/strong>, die in der Region verwurzelt sind. <strong>Echte Qualit\u00e4t von echten Nachbarn<\/strong>. Denn was von daheim kommt, muss nicht weit transportiert werden.<\/p>\n<p style=\"text-align: justify;\"><span style=\"color: #ffffff;\">k<\/span><\/p>\n<p style=\"text-align: justify;\"><strong>Birnenmehl von K\u00e4rntner Bauern <\/strong><\/p>\n<p style=\"text-align: justify;\">Um beim Essen <strong>nachhaltig handeln<\/strong> zu k\u00f6nnen, m\u00fcssen wir wissen, wo unsere Lebensmittel herkommen. <strong>Birnenmehl von K\u00e4rntner Bauern<\/strong> bieten wir <strong>saisonabh\u00e4ngig<\/strong> an. <strong>Informieren Sie sich<\/strong> <strong>gerne<\/strong> bei unseren Mitarbeiterinnen vor Ort, <strong>ob und in welchen Filialen<\/strong> <strong>aktuell Birnenmehl angeboten wird.<\/strong><\/p>\n<p style=\"text-align: justify;\"><span style=\"color: #ffffff;\">k<\/span><\/p>\n<p style=\"text-align: justify;\"><strong>Kletzennudel \u2013\u00a0 die s\u00fc\u00dfe K\u00e4rntner Spezialit\u00e4t <\/strong><\/p>\n<p style=\"text-align: justify;\">Von den K\u00e4rntner Nudeln gibt es eine enorme Vielfalt: Neben pikanten K\u00e4se-, Fleisch-, oder Erd\u00e4pfel-Nudeln, sticht eine s\u00fc\u00dfe Verf\u00fchrung ganz besonders hervor: die <strong>Kletzennudel<\/strong>. Nach reifen Birnen duftend, wird diese <strong>K\u00e4rntner Spezialit\u00e4t<\/strong> traditionell <strong>mit Birnenmehl<\/strong> zubereitet. Ein himmlisches Vergn\u00fcgen!<\/p>\n<p style=\"text-align: justify;\"><span style=\"color: #ffffff;\">k<\/span><\/p>\n<p style=\"text-align: justify;\"><strong>Kletzennudel mit Birnenmehl <\/strong><\/p>\n<p style=\"text-align: justify;\">Folgende Zutaten werden ben\u00f6tigt:<\/p>\n<p style=\"text-align: justify;\"><em>F\u00fclle: Br\u00f6seltopfen, Birnenmehl, Zucker, Honig, Zimt, Rum<\/em><br \/>\n<em> Teig: Weizenmehl, Wasser, Oliven\u00f6l, Salz<\/em><\/p>\n<p style=\"text-align: justify;\"><span style=\"color: #ffffff;\">k<\/span><\/p>\n<p style=\"text-align: justify;\"><strong>Kletzennudel ohne Birnenmehl<\/strong><\/p>\n<p style=\"text-align: justify;\">Ob als leichte Hauptspeise oder Dessert \u2013 die Kletzennudel sind ein wahrer Genuss. Wer kein Birnenmehl vorr\u00e4tig hat, kann diese auch mit D\u00f6rrbirnen zubereiten. Und wie einfach und lecker das geht, zeigt die \u00f6sterreichische Food-Bloggerin <strong>COOKING CATRIN<\/strong>: <a href=\"http:\/\/www.cookingcatrin.at\/kletzennudeln\/\">Rezept Kletzennudel<\/a><\/p>\n<p style=\"text-align: center;\"><a href=\"http:\/\/www.adeg-pleschberger.at\/2015\/wp-content\/uploads\/2015\/01\/Cooking-Catrin-Kletzennudel.jpg\"><img loading=\"lazy\" decoding=\"async\" class=\" wp-image-986 aligncenter\" src=\"http:\/\/www.adeg-pleschberger.at\/2015\/wp-content\/uploads\/2015\/01\/Cooking-Catrin-Kletzennudel-1024x682.jpg\" alt=\"cooking-catrin-kletzennudel\" width=\"500\" height=\"333\" srcset=\"https:\/\/www.adeg-pleschberger.at\/2015\/wp-content\/uploads\/2015\/01\/Cooking-Catrin-Kletzennudel.jpg 1024w, https:\/\/www.adeg-pleschberger.at\/2015\/wp-content\/uploads\/2015\/01\/Cooking-Catrin-Kletzennudel-300x200.jpg 300w\" sizes=\"auto, (max-width: 500px) 100vw, 500px\" \/><\/a><em>\u00a9 Cooking Catrin<\/em><\/p>\n<p style=\"text-align: center;\"><span style=\"color: #ffffff;\">k<\/span><\/p>\n<p style=\"text-align: justify;\"><strong>Wenn&#8217;s schnell gehen muss: Kletzennudel aus dem Tiefk\u00fchlregal <\/strong><\/p>\n<p style=\"text-align: justify;\">Eine gro\u00dfe Auswahl an K\u00e4rntner Nudel-Spezialit\u00e4ten vom St. Veiter Traditions-Unternehmen <strong><a href=\"http:\/\/www.ellersdorfer.at\/sorten\/kletz.htm\">BR\u00dcDER ELLERSDORFER<\/a><\/strong> finden Sie auch bei uns im Tiefk\u00fchlregal!<\/p>\n<p style=\"text-align: center;\"><a href=\"http:\/\/www.adeg-pleschberger.at\/2015\/wp-content\/uploads\/2015\/01\/Ellersdorfer-Kletzennudel.jpg\"><img loading=\"lazy\" decoding=\"async\" class=\" size-full wp-image-987 aligncenter\" src=\"http:\/\/www.adeg-pleschberger.at\/2015\/wp-content\/uploads\/2015\/01\/Ellersdorfer-Kletzennudel.jpg\" alt=\"ellersdorfer-kletzennudel\" width=\"400\" height=\"591\" srcset=\"https:\/\/www.adeg-pleschberger.at\/2015\/wp-content\/uploads\/2015\/01\/Ellersdorfer-Kletzennudel.jpg 400w, https:\/\/www.adeg-pleschberger.at\/2015\/wp-content\/uploads\/2015\/01\/Ellersdorfer-Kletzennudel-203x300.jpg 203w\" sizes=\"auto, (max-width: 400px) 100vw, 400px\" \/><\/a>\u00a9 Br\u00fcder Ellersdorfer<\/p>\n","protected":false},"excerpt":{"rendered":"<p>Das Beste stammt aus unserer Region Die Vielfalt der \u00f6sterreichischen Regionen und heimischen Erzeugnisse spiegelt sich auch in unserem Sortiment wider. Wir beziehen saisonale Produkte von lokalen Lieferanten, die in der Region verwurzelt sind. Echte Qualit\u00e4t von echten Nachbarn. Denn was von daheim kommt, muss nicht weit transportiert werden. k Birnenmehl von K\u00e4rntner Bauern Um<br \/><a class=\"moretag\" href=\"https:\/\/www.adeg-pleschberger.at\/2015\/sortiment\/birnenmehl\/\">+ Mehr erfahren<\/a><\/p>\n","protected":false},"author":1,"featured_media":0,"parent":1039,"menu_order":4,"comment_status":"open","ping_status":"closed","template":"page-fullwidth.php","meta":{"footnotes":""},"class_list":["post-112","page","type-page","status-publish","hentry"],"_links":{"self":[{"href":"https:\/\/www.adeg-pleschberger.at\/2015\/wp-json\/wp\/v2\/pages\/112","targetHints":{"allow":["GET"]}}],"collection":[{"href":"https:\/\/www.adeg-pleschberger.at\/2015\/wp-json\/wp\/v2\/pages"}],"about":[{"href":"https:\/\/www.adeg-pleschberger.at\/2015\/wp-json\/wp\/v2\/types\/page"}],"author":[{"embeddable":true,"href":"https:\/\/www.adeg-pleschberger.at\/2015\/wp-json\/wp\/v2\/users\/1"}],"replies":[{"embeddable":true,"href":"https:\/\/www.adeg-pleschberger.at\/2015\/wp-json\/wp\/v2\/comments?post=112"}],"version-history":[{"count":18,"href":"https:\/\/www.adeg-pleschberger.at\/2015\/wp-json\/wp\/v2\/pages\/112\/revisions"}],"predecessor-version":[{"id":1206,"href":"https:\/\/www.adeg-pleschberger.at\/2015\/wp-json\/wp\/v2\/pages\/112\/revisions\/1206"}],"up":[{"embeddable":true,"href":"https:\/\/www.adeg-pleschberger.at\/2015\/wp-json\/wp\/v2\/pages\/1039"}],"wp:attachment":[{"href":"https:\/\/www.adeg-pleschberger.at\/2015\/wp-json\/wp\/v2\/media?parent=112"}],"curies":[{"name":"wp","href":"https:\/\/api.w.org\/{rel}","templated":true}]}}