{"id":1623,"date":"2019-12-07T11:32:36","date_gmt":"2019-12-07T11:32:36","guid":{"rendered":"http:\/\/www.adeg-pleschberger.at\/2015\/?page_id=1623"},"modified":"2019-12-07T12:11:44","modified_gmt":"2019-12-07T12:11:44","slug":"gewinnspiel-teilnahmebedingungen","status":"publish","type":"page","link":"https:\/\/www.adeg-pleschberger.at\/2015\/kontakt\/gewinnspiel-teilnahmebedingungen\/","title":{"rendered":"Gewinnspiel Teilnahmebedingungen"},"content":{"rendered":"<p><b>Gewinnspiel-Teilnahmebedingungen ADEG Pleschberger<\/b><\/p>\n<p><strong>Facebook-Gewinnspiel: 2 x 1 BERNI NATURLADEN Gutschein<span class=\"Apple-converted-space\">\u00a0<\/span><\/strong><\/p>\n<p>1. Das Gewinnspiel steht in keiner Verbindung zu Facebook und wird in keiner Weise von Facebook gesponsert, unterst\u00fctzt oder organisiert. Eine Teilnahme am Gewinnspiel ist ausschlie\u00dflich zu den hier aufgef\u00fchrten Bedingungen m\u00f6glich. Mit der Teilnahme erkennt der Teilnehmer diese Teilnahmebedingungen ausdr\u00fccklich an.<\/p>\n<p>2. Das Gewinnspiel startet am 8.12.2019 und endet am 16.12.2019 um 23:59 Uhr.<span class=\"Apple-converted-space\">\u00a0<\/span><\/p>\n<p>3. Zu gewinnen gibt es 2 x 1 Berni Naturladen Gutschein im Wert von je 20 Euro. Der Gutschein kann im Berni Naturladen (Hauptplatz 4, 9853 Gm\u00fcnd) sowie in der Filiale ADEG Pleschberger Gm\u00fcnd (Hauptplatz 5, 9853 Gm\u00fcnd)\u00a0eingel\u00f6st werden.<span class=\"Apple-converted-space\">\u00a0<\/span><\/p>\n<p>4. Teilnahmeberechtigt sind Personen mit Adresse in \u00d6sterreich.<span class=\"Apple-converted-space\">\u00a0<\/span><\/p>\n<p>5. Die Teilnahme am Gewinnspiel erfolgt durch das Liken, Kommentieren oder Teilen des Gewinnspiel-Beitrags.<br \/>\n6. Kommentare, die gegen die Facebook-Richtlinien, \u00f6sterreichisches Recht und\/oder das Copyright versto\u00dfen, werden nach Kenntnisnahme ohne Ank\u00fcndigung entfernt. Der Teilnehmer ist damit von der Verlosung ausgeschlossen.\u00a0Zudem beh\u00e4lt sich der Veranstalter das Recht vor, das Gewinnspiel bei Bedarf und ohne Angabe von Gr\u00fcnden zu \u00e4ndern, anzupassen oder zu beenden.<span class=\"Apple-converted-space\">\u00a0<\/span><\/p>\n<p>7. Die Verlosung des Gewinns erfolgt nach Ablauf des Durchf\u00fchrungszeitraumes nach dem Zufallsprinzip.<\/p>\n<p>8. Die Gewinner wird nach Ablauf des Gewinnspiels \u00fcber die Kommentarfunktion des Facebook-Postings oder \u00fcber eine private Nachricht auf Facebook kontaktiert. Die Gewinner m\u00fcssen sich ab Gewinnspielbenachrichtigung innerhalb von 5 Werktagen zur\u00fcckmelden. Sollten die Gewinner die Annahme des Gewinnes in diesem Zeitraum nicht best\u00e4tigen, verf\u00e4llt ihr Anspruch auf den Gewinn und ein Ersatzgewinner wird per Zufallsprinzip ermittelt.<span class=\"Apple-converted-space\">\u00a0<\/span><\/p>\n<p>9. Die \u00dcbergabe\/\u00dcbermittlung des Preises erfolgt nach Vereinbarung entweder per Post oder durch Hinterlegung vor Ort<span class=\"Apple-converted-space\">\u00a0 <\/span>(Berni Naturladen, Hauptplatz 4, 9853 Gm\u00fcnd). Die personenbezogenen Daten der Gewinner werden vom Veranstalter nicht gespeichert, sondern lediglich zum Versand des Gewinnes genutzt. <span class=\"Apple-converted-space\">\u00a0<\/span><\/p>\n<p>(Stand: Dezember 2019)<\/p>\n","protected":false},"excerpt":{"rendered":"<p>Gewinnspiel-Teilnahmebedingungen ADEG Pleschberger Facebook-Gewinnspiel: 2 x 1 BERNI NATURLADEN Gutschein\u00a0 1. Das Gewinnspiel steht in keiner Verbindung zu Facebook und wird in keiner Weise von Facebook gesponsert, unterst\u00fctzt oder organisiert. Eine Teilnahme am Gewinnspiel ist ausschlie\u00dflich zu den hier aufgef\u00fchrten Bedingungen m\u00f6glich. Mit der Teilnahme erkennt der Teilnehmer diese Teilnahmebedingungen ausdr\u00fccklich an. 2. Das Gewinnspiel<br \/><a class=\"moretag\" href=\"https:\/\/www.adeg-pleschberger.at\/2015\/kontakt\/gewinnspiel-teilnahmebedingungen\/\">+ Mehr erfahren<\/a><\/p>\n","protected":false},"author":1,"featured_media":0,"parent":99,"menu_order":2,"comment_status":"open","ping_status":"open","template":"page-fullwidth.php","meta":{"footnotes":""},"class_list":["post-1623","page","type-page","status-publish","hentry"],"_links":{"self":[{"href":"https:\/\/www.adeg-pleschberger.at\/2015\/wp-json\/wp\/v2\/pages\/1623","targetHints":{"allow":["GET"]}}],"collection":[{"href":"https:\/\/www.adeg-pleschberger.at\/2015\/wp-json\/wp\/v2\/pages"}],"about":[{"href":"https:\/\/www.adeg-pleschberger.at\/2015\/wp-json\/wp\/v2\/types\/page"}],"author":[{"embeddable":true,"href":"https:\/\/www.adeg-pleschberger.at\/2015\/wp-json\/wp\/v2\/users\/1"}],"replies":[{"embeddable":true,"href":"https:\/\/www.adeg-pleschberger.at\/2015\/wp-json\/wp\/v2\/comments?post=1623"}],"version-history":[{"count":3,"href":"https:\/\/www.adeg-pleschberger.at\/2015\/wp-json\/wp\/v2\/pages\/1623\/revisions"}],"predecessor-version":[{"id":1626,"href":"https:\/\/www.adeg-pleschberger.at\/2015\/wp-json\/wp\/v2\/pages\/1623\/revisions\/1626"}],"up":[{"embeddable":true,"href":"https:\/\/www.adeg-pleschberger.at\/2015\/wp-json\/wp\/v2\/pages\/99"}],"wp:attachment":[{"href":"https:\/\/www.adeg-pleschberger.at\/2015\/wp-json\/wp\/v2\/media?parent=1623"}],"curies":[{"name":"wp","href":"https:\/\/api.w.org\/{rel}","templated":true}]}}