{"id":228,"date":"2015-01-18T10:56:07","date_gmt":"2015-01-18T10:56:07","guid":{"rendered":"http:\/\/www.adeg-pleschberger.at\/2015\/?page_id=228"},"modified":"2016-11-05T16:36:25","modified_gmt":"2016-11-05T16:36:25","slug":"kalte-platten","status":"publish","type":"page","link":"https:\/\/www.adeg-pleschberger.at\/2015\/service-2\/kalte-platten\/","title":{"rendered":"Kalte Platten"},"content":{"rendered":"<p><a href=\"http:\/\/www.adeg-pleschberger.at\/2015\/wp-content\/uploads\/2015\/08\/Header-Kalte-Platten1.png\"><img loading=\"lazy\" decoding=\"async\" class=\"alignleft size-full wp-image-607\" src=\"http:\/\/www.adeg-pleschberger.at\/2015\/wp-content\/uploads\/2015\/08\/Header-Kalte-Platten1.png\" alt=\"Header Kalte Platten\" width=\"1600\" height=\"750\" srcset=\"https:\/\/www.adeg-pleschberger.at\/2015\/wp-content\/uploads\/2015\/08\/Header-Kalte-Platten1.png 1600w, https:\/\/www.adeg-pleschberger.at\/2015\/wp-content\/uploads\/2015\/08\/Header-Kalte-Platten1-300x141.png 300w, https:\/\/www.adeg-pleschberger.at\/2015\/wp-content\/uploads\/2015\/08\/Header-Kalte-Platten1-1024x480.png 1024w\" sizes=\"auto, (max-width: 1600px) 100vw, 1600px\" \/><\/a><\/p>\n<p style=\"text-align: center;\"><strong>Feinster Genuss vom ADEG-Kaufmann:<\/strong><\/p>\n<blockquote>\n<p style=\"text-align: center;\">In jeder unserer vier Filialen haben Sie die M\u00f6glichkeit,<\/p>\n<p style=\"text-align: center;\"><strong>Wurst- und K\u00e4seaufschnitte<\/strong> in unterschiedlichen Gr\u00f6\u00dfen<\/p>\n<p style=\"text-align: center;\">f\u00fcr Ihre festlichen Anl\u00e4sse zu ordern.<\/p>\n<\/blockquote>\n<div id=\"envira-gallery-wrap-228\" class=\"envira-gallery-wrap envira-gallery-theme-base envira-lightbox-theme-base\"><div id=\"envira-gallery-228\" class=\"envira-gallery-public envira-gallery-3-columns envira-clear isotope\" data-envira-columns=\"3\"><div id=\"envira-gallery-item-602\" class=\"envira-gallery-item isotope-item envira-gallery-item-1\" style=\"margin-bottom: 10px;\" ><a href=\"http:\/\/www.adeg-pleschberger.at\/2015\/wp-content\/uploads\/2015\/01\/Kalte-Platte-21.jpg\" class=\"envira-gallery-228 envira-gallery-link\" rel=\"enviragallery228\" title=\"Kalte Platte 2\" data-thumbnail=\"\"><img decoding=\"async\" id=\"envira-gallery-image-602\" class=\"envira-gallery-image envira-gallery-preload envira-gallery-image-1\" src=\"https:\/\/www.adeg-pleschberger.at\/2015\/wp-content\/plugins\/envira-gallery-lite\/assets\/css\/images\/holder.gif\" data-envira-src=\"https:\/\/www.adeg-pleschberger.at\/2015\/wp-content\/uploads\/2015\/01\/Kalte-Platte-21.jpg\" alt=\"\" title=\"Kalte Platte 2\"  \/><\/a><\/div><div id=\"envira-gallery-item-601\" class=\"envira-gallery-item isotope-item envira-gallery-item-2\" style=\"margin-bottom: 10px;\" ><a href=\"http:\/\/www.adeg-pleschberger.at\/2015\/wp-content\/uploads\/2015\/01\/Kalte-Platte-11.jpg\" class=\"envira-gallery-228 envira-gallery-link\" rel=\"enviragallery228\" title=\"Foodstuff 2014 &#8211; 05\" data-thumbnail=\"\"><img decoding=\"async\" id=\"envira-gallery-image-601\" class=\"envira-gallery-image envira-gallery-preload envira-gallery-image-2\" src=\"https:\/\/www.adeg-pleschberger.at\/2015\/wp-content\/plugins\/envira-gallery-lite\/assets\/css\/images\/holder.gif\" data-envira-src=\"https:\/\/www.adeg-pleschberger.at\/2015\/wp-content\/uploads\/2015\/01\/Kalte-Platte-11.jpg\" alt=\"\" title=\"Foodstuff 2014 &#8211; 05\"  \/><\/a><\/div><div id=\"envira-gallery-item-622\" class=\"envira-gallery-item isotope-item envira-gallery-item-3\" style=\"margin-bottom: 10px;\" ><a href=\"http:\/\/www.adeg-pleschberger.at\/2015\/wp-content\/uploads\/2015\/01\/Kalte-Platte-32.jpg\" class=\"envira-gallery-228 envira-gallery-link\" rel=\"enviragallery228\" title=\"Kalte Platte 3\" data-thumbnail=\"\"><img decoding=\"async\" id=\"envira-gallery-image-622\" class=\"envira-gallery-image envira-gallery-preload envira-gallery-image-3\" src=\"https:\/\/www.adeg-pleschberger.at\/2015\/wp-content\/plugins\/envira-gallery-lite\/assets\/css\/images\/holder.gif\" data-envira-src=\"https:\/\/www.adeg-pleschberger.at\/2015\/wp-content\/uploads\/2015\/01\/Kalte-Platte-32.jpg\" alt=\"\" title=\"Kalte Platte 3\"  \/><\/a><\/div><\/div><\/div>\n","protected":false},"excerpt":{"rendered":"<p>Feinster Genuss vom ADEG-Kaufmann: In jeder unserer vier Filialen haben Sie die M\u00f6glichkeit, Wurst- und K\u00e4seaufschnitte in unterschiedlichen Gr\u00f6\u00dfen f\u00fcr Ihre festlichen Anl\u00e4sse zu ordern.<\/p>\n","protected":false},"author":1,"featured_media":0,"parent":270,"menu_order":3,"comment_status":"open","ping_status":"closed","template":"page-fullwidth.php","meta":{"footnotes":""},"class_list":["post-228","page","type-page","status-publish","hentry"],"_links":{"self":[{"href":"https:\/\/www.adeg-pleschberger.at\/2015\/wp-json\/wp\/v2\/pages\/228","targetHints":{"allow":["GET"]}}],"collection":[{"href":"https:\/\/www.adeg-pleschberger.at\/2015\/wp-json\/wp\/v2\/pages"}],"about":[{"href":"https:\/\/www.adeg-pleschberger.at\/2015\/wp-json\/wp\/v2\/types\/page"}],"author":[{"embeddable":true,"href":"https:\/\/www.adeg-pleschberger.at\/2015\/wp-json\/wp\/v2\/users\/1"}],"replies":[{"embeddable":true,"href":"https:\/\/www.adeg-pleschberger.at\/2015\/wp-json\/wp\/v2\/comments?post=228"}],"version-history":[{"count":29,"href":"https:\/\/www.adeg-pleschberger.at\/2015\/wp-json\/wp\/v2\/pages\/228\/revisions"}],"predecessor-version":[{"id":970,"href":"https:\/\/www.adeg-pleschberger.at\/2015\/wp-json\/wp\/v2\/pages\/228\/revisions\/970"}],"up":[{"embeddable":true,"href":"https:\/\/www.adeg-pleschberger.at\/2015\/wp-json\/wp\/v2\/pages\/270"}],"wp:attachment":[{"href":"https:\/\/www.adeg-pleschberger.at\/2015\/wp-json\/wp\/v2\/media?parent=228"}],"curies":[{"name":"wp","href":"https:\/\/api.w.org\/{rel}","templated":true}]}}