{"id":264,"date":"2015-01-18T13:08:08","date_gmt":"2015-01-18T13:08:08","guid":{"rendered":"http:\/\/www.adeg-pleschberger.at\/2015\/?page_id=264"},"modified":"2016-11-05T17:12:03","modified_gmt":"2016-11-05T17:12:03","slug":"geschenkkoerbe","status":"publish","type":"page","link":"https:\/\/www.adeg-pleschberger.at\/2015\/service-2\/geschenkkoerbe\/","title":{"rendered":"Geschenkk\u00f6rbe"},"content":{"rendered":"<p><a href=\"http:\/\/www.adeg-pleschberger.at\/2015\/wp-content\/uploads\/2015\/01\/Header-Geschenkkorb.png\"><img loading=\"lazy\" decoding=\"async\" class=\"alignleft size-full wp-image-631\" src=\"http:\/\/www.adeg-pleschberger.at\/2015\/wp-content\/uploads\/2015\/01\/Header-Geschenkkorb.png\" alt=\"Header Geschenkkorb\" width=\"1600\" height=\"750\" srcset=\"https:\/\/www.adeg-pleschberger.at\/2015\/wp-content\/uploads\/2015\/01\/Header-Geschenkkorb.png 1600w, https:\/\/www.adeg-pleschberger.at\/2015\/wp-content\/uploads\/2015\/01\/Header-Geschenkkorb-300x141.png 300w, https:\/\/www.adeg-pleschberger.at\/2015\/wp-content\/uploads\/2015\/01\/Header-Geschenkkorb-1024x480.png 1024w\" sizes=\"auto, (max-width: 1600px) 100vw, 1600px\" \/><\/a><\/p>\n<p style=\"text-align: center;\">\u00a0<strong>Gute Gelegenheit f\u00fcr ein Dankesch\u00f6n<\/strong><\/p>\n<p style=\"text-align: center;\">Ob zu Weihnachten als Geschenkidee f\u00fcr Freunde und Verwandte, \u00a0als Pr\u00e4sent zum Jubil\u00e4um oder als kleine Aufmerksamkeit zum Geburtstag \u2013 mit unserem <strong>Geschenkkorb-Service<\/strong> bereiten Sie Freude.<\/p>\n<p style=\"text-align: center;\"><span style=\"color: #ffffff;\">fff<\/span><\/p>\n<p style=\"text-align: center;\"><strong>Gaumen- und Augenschmaus zugleich<\/strong><\/p>\n<p style=\"text-align: center;\">Liebevoll dekoriert und mit <strong>regionalen Schmankerln<\/strong>, <strong>Wein<\/strong>, <strong>S\u00fc\u00dfem<\/strong> oder <strong>Wellness-Produkten<\/strong> gef\u00fcllt\u2013 Ihre <strong>\u00a0individuellen W\u00fcnsche<\/strong> zur Gestaltung eines pers\u00f6nlichen Geschenkkorbs sind willkommen.<\/p>\n","protected":false},"excerpt":{"rendered":"<p>\u00a0Gute Gelegenheit f\u00fcr ein Dankesch\u00f6n Ob zu Weihnachten als Geschenkidee f\u00fcr Freunde und Verwandte, \u00a0als Pr\u00e4sent zum Jubil\u00e4um oder als kleine Aufmerksamkeit zum Geburtstag \u2013 mit unserem Geschenkkorb-Service bereiten Sie Freude. fff Gaumen- und Augenschmaus zugleich Liebevoll dekoriert und mit regionalen Schmankerln, Wein, S\u00fc\u00dfem oder Wellness-Produkten gef\u00fcllt\u2013 Ihre \u00a0individuellen W\u00fcnsche zur Gestaltung eines pers\u00f6nlichen Geschenkkorbs<br \/><a class=\"moretag\" href=\"https:\/\/www.adeg-pleschberger.at\/2015\/service-2\/geschenkkoerbe\/\">+ Mehr erfahren<\/a><\/p>\n","protected":false},"author":1,"featured_media":0,"parent":270,"menu_order":5,"comment_status":"open","ping_status":"closed","template":"page-fullwidth.php","meta":{"footnotes":""},"class_list":["post-264","page","type-page","status-publish","hentry"],"_links":{"self":[{"href":"https:\/\/www.adeg-pleschberger.at\/2015\/wp-json\/wp\/v2\/pages\/264","targetHints":{"allow":["GET"]}}],"collection":[{"href":"https:\/\/www.adeg-pleschberger.at\/2015\/wp-json\/wp\/v2\/pages"}],"about":[{"href":"https:\/\/www.adeg-pleschberger.at\/2015\/wp-json\/wp\/v2\/types\/page"}],"author":[{"embeddable":true,"href":"https:\/\/www.adeg-pleschberger.at\/2015\/wp-json\/wp\/v2\/users\/1"}],"replies":[{"embeddable":true,"href":"https:\/\/www.adeg-pleschberger.at\/2015\/wp-json\/wp\/v2\/comments?post=264"}],"version-history":[{"count":15,"href":"https:\/\/www.adeg-pleschberger.at\/2015\/wp-json\/wp\/v2\/pages\/264\/revisions"}],"predecessor-version":[{"id":985,"href":"https:\/\/www.adeg-pleschberger.at\/2015\/wp-json\/wp\/v2\/pages\/264\/revisions\/985"}],"up":[{"embeddable":true,"href":"https:\/\/www.adeg-pleschberger.at\/2015\/wp-json\/wp\/v2\/pages\/270"}],"wp:attachment":[{"href":"https:\/\/www.adeg-pleschberger.at\/2015\/wp-json\/wp\/v2\/media?parent=264"}],"curies":[{"name":"wp","href":"https:\/\/api.w.org\/{rel}","templated":true}]}}