{"id":300,"date":"2015-01-20T20:19:22","date_gmt":"2015-01-20T20:19:22","guid":{"rendered":"http:\/\/www.adeg-pleschberger.at\/2015\/?page_id=300"},"modified":"2022-12-16T20:17:59","modified_gmt":"2022-12-16T20:17:59","slug":"ueber-uns","status":"publish","type":"page","link":"https:\/\/www.adeg-pleschberger.at\/2015\/ueber-uns\/","title":{"rendered":"\u00dcber Uns"},"content":{"rendered":"<p><a href=\"http:\/\/www.adeg-pleschberger.at\/2015\/wp-content\/uploads\/2016\/11\/ADEG-Pleschberger-flashback-header-1.png\"><img loading=\"lazy\" decoding=\"async\" class=\"alignleft size-full wp-image-1185\" src=\"http:\/\/www.adeg-pleschberger.at\/2015\/wp-content\/uploads\/2016\/11\/ADEG-Pleschberger-flashback-header-1.png\" alt=\"adeg-pleschberger-flashback-header-1\" width=\"1600\" height=\"750\" srcset=\"https:\/\/www.adeg-pleschberger.at\/2015\/wp-content\/uploads\/2016\/11\/ADEG-Pleschberger-flashback-header-1.png 1600w, https:\/\/www.adeg-pleschberger.at\/2015\/wp-content\/uploads\/2016\/11\/ADEG-Pleschberger-flashback-header-1-300x141.png 300w, https:\/\/www.adeg-pleschberger.at\/2015\/wp-content\/uploads\/2016\/11\/ADEG-Pleschberger-flashback-header-1-1024x480.png 1024w\" sizes=\"auto, (max-width: 1600px) 100vw, 1600px\" \/><\/a><\/p>\n<p style=\"text-align: justify;\"><strong>ADEG Pleschberger: Daf\u00fcr stehen wir <\/strong><\/p>\n<p style=\"text-align: justify;\">Pers\u00f6nliche Beratung und eine gro\u00dfe Auswahl an frischen, regionalen Produkten \u2013 darauf legen wir Wert. Mit viel Leidenschaft &amp; Engagement f\u00fchren wir unsere zwei ADEG Filialen in <strong><a href=\"http:\/\/www.adeg-pleschberger.at\/2015\/filialen\/mauterndorf\/\">Mauterndorf<\/a><\/strong> und <strong><a href=\"http:\/\/www.adeg-pleschberger.at\/2015\/filialen\/mariapfarr\/\">Mariapfarr<\/a><\/strong> sowie den <strong><a href=\"http:\/\/www.adeg-pleschberger.at\/2015\/filialen\/berni-naturladen\/\">Berni Naturladen<\/a><\/strong>. Stets bem\u00fcht, unseren Kundinnen und Kunden einen vielf\u00e4ltigen <strong><a href=\"http:\/\/www.adeg-pleschberger.at\/2015\/sortiment\/\">Sortiment-Mix<\/a><\/strong> zu bieten. Als \u00f6rtlicher Nahversorger sind wir stark in der Region verwurzelt. Das bedeutet f\u00fcr uns, eng mit lokalen Produzenten zusammenzuarbeiten \u2013 denn schlie\u00dflich liegt das Gute so nah.<\/p>\n<p style=\"text-align: justify;\"><a href=\"http:\/\/www.adeg-pleschberger.at\/2015\/wp-content\/uploads\/2015\/01\/Zitat-Beratung.png\"><img loading=\"lazy\" decoding=\"async\" class=\" size-medium wp-image-1026 aligncenter\" src=\"http:\/\/www.adeg-pleschberger.at\/2015\/wp-content\/uploads\/2015\/01\/Zitat-Beratung-300x85.png\" alt=\"zitat-beratung\" width=\"300\" height=\"85\" srcset=\"https:\/\/www.adeg-pleschberger.at\/2015\/wp-content\/uploads\/2015\/01\/Zitat-Beratung-300x85.png 300w, https:\/\/www.adeg-pleschberger.at\/2015\/wp-content\/uploads\/2015\/01\/Zitat-Beratung.png 500w\" sizes=\"auto, (max-width: 300px) 100vw, 300px\" \/><\/a><\/p>\n<p style=\"text-align: justify;\"><strong>Vom kleinen Grei\u00dfler zum Familienbetrieb mit vier Standorten <\/strong><\/p>\n<p style=\"text-align: justify;\">1978 \u00fcbernimmt Gerhard Pleschberger 18-j\u00e4hrig und <strong>in dritter Generation<\/strong> das kleine, \u00f6rtliche Rennweger Gesch\u00e4ft seiner Gro\u00dfmutter. Bereits als Junge greift er ihr im 60 m\u00b2 gro\u00dfen Laden regelm\u00e4\u00dfig unter die Arme. Zu einer Zeit, wo die Grundnahrungsmittel wie Zucker und Salz noch in Schubladen aufbewahrt und mit Gusswaagen gewogen werden \u2013 das Handeln und Verkaufen liegt uns also im Blut.<\/p>\n<p style=\"text-align: justify;\">Nach dem Beitritt zur ADEG und der Umstellung von Bedienung auf Teil-SB, wird 1984 der ADEG Nahversorger neu gebaut und somit auf &nbsp;120 m\u00b2 erweitert. Von 1986 \u2013 1992 f\u00fchrte Gerhard Pleschberger eine weitere Filiale in der Ortschaft Gries bei Rennweg. Und 1990 wird mit der Er\u00f6ffnung der Textilabteilung im 1. Stock des ADEG Nahversorgers in Rennweg ein zweites Standbein geboren.<\/p>\n<p style=\"text-align: justify;\">Von nun an werden die Gesch\u00e4ftsfelder weiterentwickelt und expandiert: <strong>1993<\/strong> erfolgt die \u00dcbernahme der <strong>ADEG Filiale Gm\u00fcnd<\/strong> (K\u00e4rnten). Und bereits im Folgejahr, <strong>1994<\/strong>, die Neu-Er\u00f6ffnung der<strong> ADEG Filiale Mauterndorf<\/strong> (Salzburg). Die Boutique <a href=\"http:\/\/www.adeg-pleschberger.at\/2015\/berni-moden\/\"><strong>BERNI MODEN<\/strong><\/a> wird seit <strong>1994<\/strong> von Ehefrau Bernadette Pleschberger mit viel Ambition und Gesp\u00fcr f\u00fcr Mode betrieben.<\/p>\n<p style=\"text-align: justify;\">Im Jahr<strong> 2005<\/strong> erfolgt die \u00dcbernahme und <strong>Neuer\u00f6ffnung<\/strong> der <strong>ADEG Filiale&nbsp; Mariapfarr<\/strong>, die 2011 modernisiert wird.<\/p>\n<p style=\"text-align: justify;\"><span style=\"color: #ffffff;\">k<\/span><\/p>\n<p style=\"text-align: justify;\"><strong>Von der Region, f\u00fcr die Region<\/strong><\/p>\n<p style=\"text-align: justify;\">Mit unseren vier Standorten sind wir <strong>Nahversorger im Ort<\/strong>. Unsere einheimischen Kunden sowie G\u00e4ste versorgen wir nicht nur mit Waren des t\u00e4glichen Bedarfs \u2013 wir bieten ein vielf\u00e4ltiges Sortiment an <strong>frischen, regionalen<\/strong> und <strong>saisonalen Produkten<\/strong> an. Denn die Zusammenarbeit mit <strong>lokalen Produzenten<\/strong> f\u00fcr mehr <strong>Nachhaltigkeit<\/strong> und zur <strong>St\u00e4rkung der Region<\/strong> liegt uns am Herzen.<\/p>\n<p style=\"text-align: justify;\"><span style=\"color: #ffffff;\">k<\/span><\/p>\n<p style=\"text-align: justify;\"><a href=\"http:\/\/www.adeg-pleschberger.at\/2015\/wp-content\/uploads\/2015\/01\/Zitat-Gerhard-Pleschberger.png\"><img loading=\"lazy\" decoding=\"async\" class=\" wp-image-1111 aligncenter\" src=\"http:\/\/www.adeg-pleschberger.at\/2015\/wp-content\/uploads\/2015\/01\/Zitat-Gerhard-Pleschberger.png\" alt=\"zitat-gerhard-pleschberger\" width=\"500\" height=\"500\" srcset=\"https:\/\/www.adeg-pleschberger.at\/2015\/wp-content\/uploads\/2015\/01\/Zitat-Gerhard-Pleschberger.png 800w, https:\/\/www.adeg-pleschberger.at\/2015\/wp-content\/uploads\/2015\/01\/Zitat-Gerhard-Pleschberger-150x150.png 150w, https:\/\/www.adeg-pleschberger.at\/2015\/wp-content\/uploads\/2015\/01\/Zitat-Gerhard-Pleschberger-300x300.png 300w\" sizes=\"auto, (max-width: 500px) 100vw, 500px\" \/><\/a><\/p>\n<p style=\"text-align: justify;\"><span style=\"color: #ffffff;\">k<\/span><\/p>\n<p style=\"text-align: justify;\"><strong>Regionalit\u00e4t &amp; Kundenberatung <\/strong><\/p>\n<p style=\"text-align: justify;\">Das Wissen um die <strong>besten Produkte aus der Region<\/strong> und die Menschen dahinter, die <strong>Bed\u00fcrfnisse unserer Kunden zu kennen<\/strong>, zu decken und sie bestm\u00f6glich zu beraten, ihnen ein <strong>breites Sortiment \u00f6sterreichischer<\/strong> <strong>(Bio-)Produkte<\/strong> anzubieten \u2013 darin liegen <strong>unsere St\u00e4rken<\/strong> und <strong>unser Hauptaugenmerk<\/strong>, auch f\u00fcr die Zukunft.<\/p>\n<p>&nbsp;<\/p>\n<div id=\"envira-gallery-wrap-300\" class=\"envira-gallery-wrap envira-gallery-theme-base envira-lightbox-theme-base\"><div id=\"envira-gallery-300\" class=\"envira-gallery-public envira-gallery-3-columns envira-clear isotope\" data-envira-columns=\"3\"><div id=\"envira-gallery-item-66\" class=\"envira-gallery-item isotope-item envira-gallery-item-1\" style=\"margin-bottom: 5px;\" ><a href=\"http:\/\/www.adeg-pleschberger.at\/2015\/wp-content\/uploads\/2015\/01\/Kaufhaus-Rennweg-2.jpg\" class=\"envira-gallery-300 envira-gallery-link\" rel=\"enviragallery300\" title=\"Kaufhaus Pleschberger 1978\" data-thumbnail=\"\"><img decoding=\"async\" id=\"envira-gallery-image-66\" class=\"envira-gallery-image envira-gallery-preload envira-gallery-image-1\" src=\"https:\/\/www.adeg-pleschberger.at\/2015\/wp-content\/plugins\/envira-gallery-lite\/assets\/css\/images\/holder.gif\" data-envira-src=\"https:\/\/www.adeg-pleschberger.at\/2015\/wp-content\/uploads\/2015\/01\/Kaufhaus-Rennweg-2.jpg\" alt=\"\" title=\"Kaufhaus Pleschberger 1978\"  \/><\/a><\/div><div id=\"envira-gallery-item-65\" class=\"envira-gallery-item isotope-item envira-gallery-item-2\" style=\"margin-bottom: 5px;\" ><a href=\"http:\/\/www.adeg-pleschberger.at\/2015\/wp-content\/uploads\/2015\/01\/Kaufhaus-Rennweg.jpg\" class=\"envira-gallery-300 envira-gallery-link\" rel=\"enviragallery300\" title=\"Kaufhaus Pleschberger 1978\" data-thumbnail=\"\"><img decoding=\"async\" id=\"envira-gallery-image-65\" class=\"envira-gallery-image envira-gallery-preload envira-gallery-image-2\" src=\"https:\/\/www.adeg-pleschberger.at\/2015\/wp-content\/plugins\/envira-gallery-lite\/assets\/css\/images\/holder.gif\" data-envira-src=\"https:\/\/www.adeg-pleschberger.at\/2015\/wp-content\/uploads\/2015\/01\/Kaufhaus-Rennweg.jpg\" alt=\"\" title=\"Kaufhaus Pleschberger 1978\"  \/><\/a><\/div><div id=\"envira-gallery-item-36\" class=\"envira-gallery-item isotope-item envira-gallery-item-3\" style=\"margin-bottom: 5px;\" ><a href=\"http:\/\/www.adeg-pleschberger.at\/2015\/wp-content\/uploads\/2015\/01\/Umbau-1984.jpg\" class=\"envira-gallery-300 envira-gallery-link\" rel=\"enviragallery300\" title=\"Kaufhaus Pleschberger 1990\" data-thumbnail=\"\"><img decoding=\"async\" id=\"envira-gallery-image-36\" class=\"envira-gallery-image envira-gallery-preload envira-gallery-image-3\" src=\"https:\/\/www.adeg-pleschberger.at\/2015\/wp-content\/plugins\/envira-gallery-lite\/assets\/css\/images\/holder.gif\" data-envira-src=\"https:\/\/www.adeg-pleschberger.at\/2015\/wp-content\/uploads\/2015\/01\/Umbau-1984.jpg\" alt=\"\" title=\"Kaufhaus Pleschberger 1990\"  \/><\/a><\/div><div id=\"envira-gallery-item-61\" class=\"envira-gallery-item isotope-item envira-gallery-item-4\" style=\"margin-bottom: 5px;\" ><a href=\"http:\/\/www.adeg-pleschberger.at\/2015\/wp-content\/uploads\/2015\/01\/ADEG-PLESCHBERGER-Gries.jpg\" class=\"envira-gallery-300 envira-gallery-link\" rel=\"enviragallery300\" title=\"Filiale Gries 1992\" data-thumbnail=\"\"><img decoding=\"async\" id=\"envira-gallery-image-61\" class=\"envira-gallery-image envira-gallery-preload envira-gallery-image-4\" src=\"https:\/\/www.adeg-pleschberger.at\/2015\/wp-content\/plugins\/envira-gallery-lite\/assets\/css\/images\/holder.gif\" data-envira-src=\"https:\/\/www.adeg-pleschberger.at\/2015\/wp-content\/uploads\/2015\/01\/ADEG-PLESCHBERGER-Gries.jpg\" alt=\"\" title=\"Filiale Gries 1992\"  \/><\/a><\/div><div id=\"envira-gallery-item-60\" class=\"envira-gallery-item isotope-item envira-gallery-item-5\" style=\"margin-bottom: 5px;\" ><a href=\"http:\/\/www.adeg-pleschberger.at\/2015\/wp-content\/uploads\/2015\/01\/ADEG-PLESCHBERGER-Gm\u00fcnd.jpg\" class=\"envira-gallery-300 envira-gallery-link\" rel=\"enviragallery300\" title=\"Filiale Gm\u00fcnd 1993\" data-thumbnail=\"\"><img decoding=\"async\" id=\"envira-gallery-image-60\" class=\"envira-gallery-image envira-gallery-preload envira-gallery-image-5\" src=\"https:\/\/www.adeg-pleschberger.at\/2015\/wp-content\/plugins\/envira-gallery-lite\/assets\/css\/images\/holder.gif\" data-envira-src=\"https:\/\/www.adeg-pleschberger.at\/2015\/wp-content\/uploads\/2015\/01\/ADEG-PLESCHBERGER-Gm\u00fcnd.jpg\" alt=\"\" title=\"Filiale Gm\u00fcnd 1993\"  \/><\/a><\/div><div id=\"envira-gallery-item-348\" class=\"envira-gallery-item isotope-item envira-gallery-item-6\" style=\"margin-bottom: 5px;\" ><a href=\"http:\/\/www.adeg-pleschberger.at\/2015\/wp-content\/uploads\/2015\/01\/Mauterndorf-19941.jpg\" class=\"envira-gallery-300 envira-gallery-link\" rel=\"enviragallery300\" title=\"Filiale Mauterndorf 1994\" data-thumbnail=\"\"><img decoding=\"async\" id=\"envira-gallery-image-348\" class=\"envira-gallery-image envira-gallery-preload envira-gallery-image-6\" src=\"https:\/\/www.adeg-pleschberger.at\/2015\/wp-content\/plugins\/envira-gallery-lite\/assets\/css\/images\/holder.gif\" data-envira-src=\"https:\/\/www.adeg-pleschberger.at\/2015\/wp-content\/uploads\/2015\/01\/Mauterndorf-19941.jpg\" alt=\"\" title=\"Filiale Mauterndorf 1994\"  \/><\/a><\/div><\/div><\/div>\n","protected":false},"excerpt":{"rendered":"<p>ADEG Pleschberger: Daf\u00fcr stehen wir Pers\u00f6nliche Beratung und eine gro\u00dfe Auswahl an frischen, regionalen Produkten \u2013 darauf legen wir Wert. Mit viel Leidenschaft &amp; Engagement f\u00fchren wir unsere zwei ADEG Filialen in Mauterndorf und Mariapfarr sowie den Berni Naturladen. Stets bem\u00fcht, unseren Kundinnen und Kunden einen vielf\u00e4ltigen Sortiment-Mix zu bieten. Als \u00f6rtlicher Nahversorger sind wir<br \/><a class=\"moretag\" href=\"https:\/\/www.adeg-pleschberger.at\/2015\/ueber-uns\/\">+ Mehr erfahren<\/a><\/p>\n","protected":false},"author":1,"featured_media":0,"parent":0,"menu_order":1,"comment_status":"open","ping_status":"closed","template":"page-fullwidth.php","meta":{"footnotes":""},"class_list":["post-300","page","type-page","status-publish","hentry"],"_links":{"self":[{"href":"https:\/\/www.adeg-pleschberger.at\/2015\/wp-json\/wp\/v2\/pages\/300","targetHints":{"allow":["GET"]}}],"collection":[{"href":"https:\/\/www.adeg-pleschberger.at\/2015\/wp-json\/wp\/v2\/pages"}],"about":[{"href":"https:\/\/www.adeg-pleschberger.at\/2015\/wp-json\/wp\/v2\/types\/page"}],"author":[{"embeddable":true,"href":"https:\/\/www.adeg-pleschberger.at\/2015\/wp-json\/wp\/v2\/users\/1"}],"replies":[{"embeddable":true,"href":"https:\/\/www.adeg-pleschberger.at\/2015\/wp-json\/wp\/v2\/comments?post=300"}],"version-history":[{"count":28,"href":"https:\/\/www.adeg-pleschberger.at\/2015\/wp-json\/wp\/v2\/pages\/300\/revisions"}],"predecessor-version":[{"id":1965,"href":"https:\/\/www.adeg-pleschberger.at\/2015\/wp-json\/wp\/v2\/pages\/300\/revisions\/1965"}],"wp:attachment":[{"href":"https:\/\/www.adeg-pleschberger.at\/2015\/wp-json\/wp\/v2\/media?parent=300"}],"curies":[{"name":"wp","href":"https:\/\/api.w.org\/{rel}","templated":true}]}}